{"id":11,"date":"2012-01-22T11:39:56","date_gmt":"2012-01-22T10:39:56","guid":{"rendered":"http:\/\/vmkydre.se\/?page_id=11"},"modified":"2017-02-02T17:08:04","modified_gmt":"2017-02-02T16:08:04","slug":"historia","status":"publish","type":"page","link":"https:\/\/www.vmkydre.se\/?page_id=11","title":{"rendered":"Historia"},"content":{"rendered":"<p>&nbsp;<\/p>\n<p>Fredagen den 1 mars 2004 bildades f\u00f6reningen vid ett m\u00f6te i Rydsn\u00e4s Bygdeg\u00e5rd.<br \/>\nI Vena hos familjen Rydestrands b\u00f6rjade vi att reparera och samla traktorer i en ladug\u00e5rd.<br \/>\n2005 var vi tr\u00e5ngbodda.<br \/>\nDen 31 mars skrevs kontrakt med &#8221;Birger i Br\u00e4ng&#8221; att nyttja hans ladug\u00e5rd och dr\u00e4ngstuga ist\u00e4llet.<br \/>\n2007 hade vi fyllt alla utrymmen b\u00e5de inomhus och utomhus. Vad skulle vi g\u00f6ra nu?<br \/>\n2007 d\u00f6k chansen upp att k\u00f6pa ladug\u00e5rden p\u00e5 Ukreda h\u00e4r i \u00d6sterbymo upp. N\u00e4r vi v\u00e4l flyttat allt fr\u00e5n Stora Br\u00e4ng, var det \u00f6verfullt igen.<br \/>\nD\u00e5 kom id\u00e9n upp att vi m\u00e5ste bygga n\u00e5got. Vi fick nys om takstolar i N\u00e4rpes i v\u00e4stra Finland h\u00f6sten 2007. Fyra stycken \u00e5kte dit och monterade ner och transporterade hem dem. Ritningarna och bygglov blev klart maj 2008.<br \/>\nH\u00f6sten 2008 gick vi ut till v\u00e5ra medlemmar och andra skogs\u00e4gare som sk\u00e4nkte oss ett stort antal kbm timmer som s\u00e5gades upp p\u00e5 den plats vi sitter med hj\u00e4lp av KG:s mobila s\u00e5g.<br \/>\nGr\u00e4vning, formning, gjutning av platta h\u00f6sten 2010.<br \/>\n16 maj 2011 b\u00f6rjade vi snickra ihop takstolarna samt reste dem i takt med att de blev f\u00e4rdiga. F\u00e4rdigst\u00e4llandet fortsatte och avslutades den 30 september 2011.<\/p>\n<p>Vi vill nu tacka alla som bidragit med timmer, mantal, tj\u00e4nster och g\u00e5vor samt allt arbete som utf\u00f6rts. Vi kan inte r\u00e4kna upp alla som bidragit med sitt arbete men Mats Rydestrands insats saknar motstycke n\u00e4r det g\u00e4ller byggnationen, Mats Thorebring har sett till att f\u00e4rgen kommit p\u00e5 och Birger Vinblad har ordnat det elektriska.<br \/>\nExtra roligt \u00e4r att vi har ett antal ungdomar mellan 12 &#8211; 25 \u00e5r.<br \/>\nDet \u00e4r en milstolpe att ha invigt v\u00e5rt museum och att vi sommaren 2011 n\u00e5tt 225 medlemmar som st\u00f6der v\u00e5r verksamhet.<\/p>\n<p>Tack alla!<\/p>\n<p style=\"text-align: right;\"><em>H\u00e5kan Lindgren<br \/>\nOrdf.<\/em><\/p>\n","protected":false},"excerpt":{"rendered":"<p>&nbsp; Fredagen den 1 mars 2004 bildades f\u00f6reningen vid ett m\u00f6te i Rydsn\u00e4s Bygdeg\u00e5rd. I Vena hos familjen Rydestrands b\u00f6rjade vi att reparera och samla traktorer i en ladug\u00e5rd. 2005 var vi tr\u00e5ngbodda. Den 31 mars skrevs kontrakt med &#8221;Birger &hellip; <a href=\"https:\/\/www.vmkydre.se\/?page_id=11\">Forts\u00e4tt l\u00e4sa <span class=\"meta-nav\">&rarr;<\/span><\/a><\/p>\n","protected":false},"author":1,"featured_media":0,"parent":0,"menu_order":1,"comment_status":"closed","ping_status":"closed","template":"","meta":{"ngg_post_thumbnail":0,"footnotes":""},"class_list":["post-11","page","type-page","status-publish","hentry"],"_links":{"self":[{"href":"https:\/\/www.vmkydre.se\/index.php?rest_route=\/wp\/v2\/pages\/11","targetHints":{"allow":["GET"]}}],"collection":[{"href":"https:\/\/www.vmkydre.se\/index.php?rest_route=\/wp\/v2\/pages"}],"about":[{"href":"https:\/\/www.vmkydre.se\/index.php?rest_route=\/wp\/v2\/types\/page"}],"author":[{"embeddable":true,"href":"https:\/\/www.vmkydre.se\/index.php?rest_route=\/wp\/v2\/users\/1"}],"replies":[{"embeddable":true,"href":"https:\/\/www.vmkydre.se\/index.php?rest_route=%2Fwp%2Fv2%2Fcomments&post=11"}],"version-history":[{"count":10,"href":"https:\/\/www.vmkydre.se\/index.php?rest_route=\/wp\/v2\/pages\/11\/revisions"}],"predecessor-version":[{"id":1252,"href":"https:\/\/www.vmkydre.se\/index.php?rest_route=\/wp\/v2\/pages\/11\/revisions\/1252"}],"wp:attachment":[{"href":"https:\/\/www.vmkydre.se\/index.php?rest_route=%2Fwp%2Fv2%2Fmedia&parent=11"}],"curies":[{"name":"wp","href":"https:\/\/api.w.org\/{rel}","templated":true}]}}