{"id":49,"date":"2026-01-26T20:36:37","date_gmt":"2026-01-26T19:36:37","guid":{"rendered":"http:\/\/www.vmkydre.se\/?page_id=49"},"modified":"2026-01-29T14:03:45","modified_gmt":"2026-01-29T13:03:45","slug":"oppettider","status":"publish","type":"page","link":"https:\/\/www.vmkydre.se\/?page_id=49","title":{"rendered":"\u00d6ppettider 2026"},"content":{"rendered":"<table border=\"0\" width=\"100%\">\n<tbody>\n<tr>\n<td style=\"text-align: center;\"><strong>Museet \u00f6ppet 2026:<\/strong><\/p>\n<p>Museet kommer i sommar att vara \u00f6ppet fr\u00e5n 22\/6 till 16\/8&nbsp; kl 11 till 16 varje dag.<\/p>\n<p>Entr\u00e9 vuxna 80 kr, barn under 15 \u00e5r gratis<\/p>\n<p>Verksamhet i verkstaden&nbsp; onsdagar&nbsp; \u00e5ret runt<\/p>\n<p>Andra tider efter \u00f6verenskommelse. Mat och fika kan best\u00e4llas.<br \/>\nKontakta H\u00e5kan Lindgren<br \/>\n070 &#8211; 674 08 19 eller Viktor Gustafsson 076-1642442<\/p>\n<p>&nbsp;<\/td>\n<td><a href=\"https:\/\/www.vmkydre.se\/wp-content\/uploads\/2012\/01\/karta_veteranmotorklubben_-copy.jpg\" target=\"_blank\" rel=\"noopener noreferrer\"><img loading=\"lazy\" decoding=\"async\" title=\"karta_veteranmotorklubb_\" src=\"https:\/\/www.vmkydre.se\/wp-content\/uploads\/2012\/01\/karta_veteranmotorklubben_-copy-300x278.jpg\" alt=\"\" width=\"210\" height=\"195\"\/><\/a><\/td>\n<\/tr>\n<tr>\n<td style=\"text-align: center;\">&nbsp;Bes\u00f6ksadress: Ukreda, 570 60 \u00d6sterbymo<br \/>\nN 57\u00b0 50.049&#8242;, E 15\u00b0 16.121&#8242;<\/td>\n<td style=\"text-align: center;\">&nbsp;200 m norr om \u00d6sterbymo l\u00e4ngs LV 131 mot Tran\u00e5s<\/td>\n<\/tr>\n<\/tbody>\n<\/table>\n","protected":false},"excerpt":{"rendered":"<p>Museet \u00f6ppet 2026: Museet kommer i sommar att vara \u00f6ppet fr\u00e5n 22\/6 till 16\/8&nbsp; kl 11 till 16 varje dag. Entr\u00e9 vuxna 80 kr, barn under 15 \u00e5r gratis Verksamhet i verkstaden&nbsp; onsdagar&nbsp; \u00e5ret runt Andra tider efter \u00f6verenskommelse. Mat &hellip; <a href=\"https:\/\/www.vmkydre.se\/?page_id=49\">Forts\u00e4tt l\u00e4sa <span class=\"meta-nav\">&rarr;<\/span><\/a><\/p>\n","protected":false},"author":1,"featured_media":0,"parent":0,"menu_order":1,"comment_status":"closed","ping_status":"closed","template":"","meta":{"ngg_post_thumbnail":0,"footnotes":""},"class_list":["post-49","page","type-page","status-publish","hentry"],"_links":{"self":[{"href":"https:\/\/www.vmkydre.se\/index.php?rest_route=\/wp\/v2\/pages\/49","targetHints":{"allow":["GET"]}}],"collection":[{"href":"https:\/\/www.vmkydre.se\/index.php?rest_route=\/wp\/v2\/pages"}],"about":[{"href":"https:\/\/www.vmkydre.se\/index.php?rest_route=\/wp\/v2\/types\/page"}],"author":[{"embeddable":true,"href":"https:\/\/www.vmkydre.se\/index.php?rest_route=\/wp\/v2\/users\/1"}],"replies":[{"embeddable":true,"href":"https:\/\/www.vmkydre.se\/index.php?rest_route=%2Fwp%2Fv2%2Fcomments&post=49"}],"version-history":[{"count":51,"href":"https:\/\/www.vmkydre.se\/index.php?rest_route=\/wp\/v2\/pages\/49\/revisions"}],"predecessor-version":[{"id":3087,"href":"https:\/\/www.vmkydre.se\/index.php?rest_route=\/wp\/v2\/pages\/49\/revisions\/3087"}],"wp:attachment":[{"href":"https:\/\/www.vmkydre.se\/index.php?rest_route=%2Fwp%2Fv2%2Fmedia&parent=49"}],"curies":[{"name":"wp","href":"https:\/\/api.w.org\/{rel}","templated":true}]}}